{"id":999,"date":"2022-09-07T19:17:00","date_gmt":"2022-09-07T19:17:00","guid":{"rendered":"https:\/\/educacionalhue.cl\/portal\/?page_id=999"},"modified":"2022-09-07T19:17:01","modified_gmt":"2022-09-07T19:17:01","slug":"presentacion","status":"publish","type":"page","link":"https:\/\/educacionalhue.cl\/portal\/presentacion\/","title":{"rendered":"Presentacion"},"content":{"rendered":"\n<p><strong>Misi\u00f3n:<\/strong><\/p>\n\n\n\n<p>\u201cEl Sistema Educativo Municipal de la Comuna de Alhu\u00e9 promueve una educaci\u00f3n inclusiva e integral para todos los estudiantes del territorio, ofreci\u00e9ndoles herramientas para participar exitosa y activamente de las oportunidades y desaf\u00edos de la sociedad, ampliando al m\u00e1ximo sus posibilidades de construcci\u00f3n de proyecto de vida deseado y de realizaci\u00f3n personal en todos los \u00e1mbitos.\u201d<\/p>\n\n\n\n<p><strong>Visi\u00f3n:<\/strong><\/p>\n\n\n\n<p>\u201cLa Educaci\u00f3n Municipal de la comuna de Alhu\u00e9 ofrece oportunidades de formaci\u00f3n para todas las personas del territorio, promoviendo procesos de ense\u00f1anza- aprendizaje, que responde eficazmente a la diversidad y fomentan la integridad, con un soporte de recurso humano altamente competente y profesional, y de recursos materiales pertinentes y de calidad.<\/p>\n\n\n\n<p>La gesti\u00f3n educativa reconoce y promueve las particularidades de la Educaci\u00f3n Rural, la identidad propia de cada establecimiento, cuyos sellos institucionales se sustentan en la preservaci\u00f3n de la cultura local, el folclore y sus ra\u00edces y la protecci\u00f3n, cuidado del medio ambiente, la expresi\u00f3n art\u00edstica y una escuela inclusiva con oportunidades para todos.<\/p>\n\n\n\n<p>El sentido de pertenencia de sus miembros se basa en principios de comunicaci\u00f3n clara, participaci\u00f3n de los actores y orientaci\u00f3n de la acci\u00f3n para la mejora continua desde los niveles parvularios hasta la ense\u00f1anza media.<\/p>\n\n\n\n<p>Se busca que todos los actores de la comunidad educativa se encuentren comprometidos con los desaf\u00edos de aprendizaje de sus estudiantes y vinculados activamente al sistema educacional, consolidando el clima de respeto, tolerancia y entendimiento.\u201d<\/p>\n","protected":false},"excerpt":{"rendered":"<p>Misi\u00f3n: \u201cEl Sistema Educativo Municipal de la Comuna de Alhu\u00e9 promueve una educaci\u00f3n inclusiva e integral para todos los estudiantes <a href=\"https:\/\/educacionalhue.cl\/portal\/presentacion\/\" class=\"read-more\">Leer m\u00e1s&#8230;<\/a><\/p>\n","protected":false},"author":2,"featured_media":0,"parent":0,"menu_order":0,"comment_status":"closed","ping_status":"closed","template":"","meta":{"_joinchat":[],"footnotes":""},"class_list":["post-999","page","type-page","status-publish","hentry"],"_links":{"self":[{"href":"https:\/\/educacionalhue.cl\/portal\/wp-json\/wp\/v2\/pages\/999","targetHints":{"allow":["GET"]}}],"collection":[{"href":"https:\/\/educacionalhue.cl\/portal\/wp-json\/wp\/v2\/pages"}],"about":[{"href":"https:\/\/educacionalhue.cl\/portal\/wp-json\/wp\/v2\/types\/page"}],"author":[{"embeddable":true,"href":"https:\/\/educacionalhue.cl\/portal\/wp-json\/wp\/v2\/users\/2"}],"replies":[{"embeddable":true,"href":"https:\/\/educacionalhue.cl\/portal\/wp-json\/wp\/v2\/comments?post=999"}],"version-history":[{"count":1,"href":"https:\/\/educacionalhue.cl\/portal\/wp-json\/wp\/v2\/pages\/999\/revisions"}],"predecessor-version":[{"id":1000,"href":"https:\/\/educacionalhue.cl\/portal\/wp-json\/wp\/v2\/pages\/999\/revisions\/1000"}],"wp:attachment":[{"href":"https:\/\/educacionalhue.cl\/portal\/wp-json\/wp\/v2\/media?parent=999"}],"curies":[{"name":"wp","href":"https:\/\/api.w.org\/{rel}","templated":true}]}}