{"id":945,"date":"2022-08-22T20:31:25","date_gmt":"2022-08-22T20:31:25","guid":{"rendered":"https:\/\/educacionalhue.cl\/portal\/?page_id=945"},"modified":"2022-08-22T20:36:35","modified_gmt":"2022-08-22T20:36:35","slug":"dia-del-nino-y-de-la-nina-en-alhue","status":"publish","type":"page","link":"https:\/\/educacionalhue.cl\/portal\/dia-del-nino-y-de-la-nina-en-alhue\/","title":{"rendered":"D\u00eda del Ni\u00f1o y de la Ni\u00f1a en Alhu\u00e9"},"content":{"rendered":"\n<p>Continuamos con las celebraciones del D\u00eda de la Ni\u00f1ez en nuestra comuna, este jueves desde la Escuela Barrancas Barrancas de Pichi, donde tambi\u00e9n participaron los m\u00e1s peque\u00f1os del Jard\u00edn Infantil y Sala Cuna Los Brujitos<img loading=\"lazy\" decoding=\"async\" alt=\"\ud83d\udc76\" src=\"https:\/\/static.xx.fbcdn.net\/images\/emoji.php\/v9\/tab\/1\/16\/1f476.png\" width=\"16\" height=\"16\"><img loading=\"lazy\" decoding=\"async\" alt=\"\ud83c\udf7c\" src=\"https:\/\/static.xx.fbcdn.net\/images\/emoji.php\/v9\/t17\/1\/16\/1f37c.png\" width=\"16\" height=\"16\"><img loading=\"lazy\" decoding=\"async\" alt=\"\ud83c\udf81\" src=\"https:\/\/static.xx.fbcdn.net\/images\/emoji.php\/v9\/t84\/1\/16\/1f381.png\" width=\"16\" height=\"16\"><\/p>\n\n\n\n<p>Tal como ha sido durante toda la semana, funcionarios y funcionarias de la Direcci\u00f3n de Desarrollo Comunitario (DIDECO) organizaron entretenidas actividades para los ni\u00f1os y ni\u00f1as, quienes tuvieron la oportunidad de <a><\/a>disfrutar con variados juegos, adem\u00e1s de recibir un regalo de parte de nuestro municipio<img loading=\"lazy\" decoding=\"async\" alt=\"\ud83c\udf81\" src=\"https:\/\/static.xx.fbcdn.net\/images\/emoji.php\/v9\/t84\/1\/16\/1f381.png\" width=\"16\" height=\"16\"><img loading=\"lazy\" decoding=\"async\" alt=\"\ud83c\udf88\" src=\"https:\/\/static.xx.fbcdn.net\/images\/emoji.php\/v9\/tb\/1\/16\/1f388.png\" width=\"16\" height=\"16\"><\/p>\n\n\n\n<p>Muchas felicidades<\/p>\n","protected":false},"excerpt":{"rendered":"<p>Continuamos con las celebraciones del D\u00eda de la Ni\u00f1ez en nuestra comuna, este jueves desde la Escuela Barrancas Barrancas de <a href=\"https:\/\/educacionalhue.cl\/portal\/dia-del-nino-y-de-la-nina-en-alhue\/\" class=\"read-more\">Leer m\u00e1s&#8230;<\/a><\/p>\n","protected":false},"author":2,"featured_media":952,"parent":0,"menu_order":0,"comment_status":"closed","ping_status":"closed","template":"","meta":{"_joinchat":[],"footnotes":""},"class_list":["post-945","page","type-page","status-publish","has-post-thumbnail","hentry"],"_links":{"self":[{"href":"https:\/\/educacionalhue.cl\/portal\/wp-json\/wp\/v2\/pages\/945","targetHints":{"allow":["GET"]}}],"collection":[{"href":"https:\/\/educacionalhue.cl\/portal\/wp-json\/wp\/v2\/pages"}],"about":[{"href":"https:\/\/educacionalhue.cl\/portal\/wp-json\/wp\/v2\/types\/page"}],"author":[{"embeddable":true,"href":"https:\/\/educacionalhue.cl\/portal\/wp-json\/wp\/v2\/users\/2"}],"replies":[{"embeddable":true,"href":"https:\/\/educacionalhue.cl\/portal\/wp-json\/wp\/v2\/comments?post=945"}],"version-history":[{"count":1,"href":"https:\/\/educacionalhue.cl\/portal\/wp-json\/wp\/v2\/pages\/945\/revisions"}],"predecessor-version":[{"id":946,"href":"https:\/\/educacionalhue.cl\/portal\/wp-json\/wp\/v2\/pages\/945\/revisions\/946"}],"wp:featuredmedia":[{"embeddable":true,"href":"https:\/\/educacionalhue.cl\/portal\/wp-json\/wp\/v2\/media\/952"}],"wp:attachment":[{"href":"https:\/\/educacionalhue.cl\/portal\/wp-json\/wp\/v2\/media?parent=945"}],"curies":[{"name":"wp","href":"https:\/\/api.w.org\/{rel}","templated":true}]}}