{"id":936,"date":"2022-08-22T20:21:46","date_gmt":"2022-08-22T20:21:46","guid":{"rendered":"https:\/\/educacionalhue.cl\/portal\/?page_id=936"},"modified":"2022-08-22T20:21:48","modified_gmt":"2022-08-22T20:21:48","slug":"escuela-formativa-de-futbol-de-alhue","status":"publish","type":"page","link":"https:\/\/educacionalhue.cl\/portal\/escuela-formativa-de-futbol-de-alhue\/","title":{"rendered":"Escuela Formativa de F\u00fatbol de Alhu\u00e9"},"content":{"rendered":"\n<p>Durante esta jornada se dio inicio a la Escuela Formativa de F\u00fatbol de Alhu\u00e9, una iniciativa de la Junta de Vecinos Vuelta de la Piedra en conjunto con nuestro municipio, donde participan ni\u00f1os y ni\u00f1as de nuestra comuna desde el Estadio Municipal<img loading=\"lazy\" decoding=\"async\" alt=\"\u26bd\ufe0f\" src=\"https:\/\/static.xx.fbcdn.net\/images\/emoji.php\/v9\/taf\/1\/16\/26bd.png\" width=\"16\" height=\"16\"><img loading=\"lazy\" decoding=\"async\" alt=\"\ud83c\udfc3\u200d\u2640\ufe0f\" src=\"https:\/\/static.xx.fbcdn.net\/images\/emoji.php\/v9\/ta9\/1\/16\/1f3c3_200d_2640.png\" width=\"16\" height=\"16\"><img loading=\"lazy\" decoding=\"async\" alt=\"\ud83c\udfc3\u200d\u2642\ufe0f\" src=\"https:\/\/static.xx.fbcdn.net\/images\/emoji.php\/v9\/tab\/1\/16\/1f3c3_200d_2642.png\" width=\"16\" height=\"16\"><\/p>\n\n\n\n<p><img loading=\"lazy\" decoding=\"async\" alt=\"\ud83d\udccc\" src=\"https:\/\/static.xx.fbcdn.net\/images\/emoji.php\/v9\/tac\/1\/16\/1f4cc.png\" width=\"16\" height=\"16\">Recordar que esta iniciativa se realiza todos los s\u00e1bados de 10:00 a 13:00 horas. Las inscripciones son en el mismo recinto y las clases son totalmente gratuitas.<\/p>\n","protected":false},"excerpt":{"rendered":"<p>Durante esta jornada se dio inicio a la Escuela Formativa de F\u00fatbol de Alhu\u00e9, una iniciativa de la Junta de <a href=\"https:\/\/educacionalhue.cl\/portal\/escuela-formativa-de-futbol-de-alhue\/\" class=\"read-more\">Leer m\u00e1s&#8230;<\/a><\/p>\n","protected":false},"author":2,"featured_media":933,"parent":0,"menu_order":0,"comment_status":"closed","ping_status":"closed","template":"","meta":{"_joinchat":[],"footnotes":""},"class_list":["post-936","page","type-page","status-publish","has-post-thumbnail","hentry"],"_links":{"self":[{"href":"https:\/\/educacionalhue.cl\/portal\/wp-json\/wp\/v2\/pages\/936","targetHints":{"allow":["GET"]}}],"collection":[{"href":"https:\/\/educacionalhue.cl\/portal\/wp-json\/wp\/v2\/pages"}],"about":[{"href":"https:\/\/educacionalhue.cl\/portal\/wp-json\/wp\/v2\/types\/page"}],"author":[{"embeddable":true,"href":"https:\/\/educacionalhue.cl\/portal\/wp-json\/wp\/v2\/users\/2"}],"replies":[{"embeddable":true,"href":"https:\/\/educacionalhue.cl\/portal\/wp-json\/wp\/v2\/comments?post=936"}],"version-history":[{"count":1,"href":"https:\/\/educacionalhue.cl\/portal\/wp-json\/wp\/v2\/pages\/936\/revisions"}],"predecessor-version":[{"id":937,"href":"https:\/\/educacionalhue.cl\/portal\/wp-json\/wp\/v2\/pages\/936\/revisions\/937"}],"wp:featuredmedia":[{"embeddable":true,"href":"https:\/\/educacionalhue.cl\/portal\/wp-json\/wp\/v2\/media\/933"}],"wp:attachment":[{"href":"https:\/\/educacionalhue.cl\/portal\/wp-json\/wp\/v2\/media?parent=936"}],"curies":[{"name":"wp","href":"https:\/\/api.w.org\/{rel}","templated":true}]}}