{"id":793,"date":"2022-08-04T17:53:32","date_gmt":"2022-08-04T17:53:32","guid":{"rendered":"https:\/\/educacionalhue.cl\/portal\/?page_id=793"},"modified":"2025-08-25T14:29:52","modified_gmt":"2025-08-25T14:29:52","slug":"escuela-san-alfonso-2","status":"publish","type":"page","link":"https:\/\/educacionalhue.cl\/portal\/escuela-san-alfonso-2\/","title":{"rendered":"Escuela San Alfonso"},"content":{"rendered":"<div class=\"wp-block-image\">\n<figure class=\"alignleft\"><img loading=\"lazy\" decoding=\"async\" width=\"214\" height=\"247\" src=\"https:\/\/educacionalhue.cl\/portal\/wp-content\/uploads\/2017\/11\/Escuela-San-Alfonso.gif\" alt=\"\" class=\"wp-image-111\"\/><\/figure>\n<\/div>\n\n\n<p><strong>Director:\u00a0<\/strong>Nelson Ponce Reyes<br><strong>Tel\u00e9fono:<\/strong>\u00a0+56997839559<br><strong>Correo:\u00a0<\/strong>sanalfonso@educacionalhue.cl<\/p>\n\n\n\n<p><strong>Rese\u00f1a&nbsp;Hist\u00f3rica<\/strong><\/p>\n\n\n\n<p><\/p>\n\n\n\n<p><\/p>\n\n\n\n<p><\/p>\n\n\n\n<p><\/p>\n\n\n\n<p><\/p>\n\n\n\n<p class=\"has-text-align-left\">La Escuela San Alfonso de Alhu\u00e9, fue fundada El 20 de Octubre de 1968, a lo largo de 57 a\u00f1os se ha dedicado a educar a ni\u00f1os de los sectores de: La L\u00ednea, San Alfonso, Sta. Mar\u00eda, Hijuelas de Pinche, Quilamuta, Santa Luisa, Sta. In\u00e9s y Sta. Clarisa.<br>En la actualidad esta Escuela cuenta con una matr\u00edcula de 260 ni\u00f1os, desde Pre- K\u00ednder hasta 8\u00b0 b\u00e1sico, con 22 Profesores y 15 Asistentes de la Educaci\u00f3n. El Sello de nuestra escuela es la formaci\u00f3n de una Conciencia Ecol\u00f3gica y<br>Cuidado del Medio Ambiente.<br>El Proyecto Pedag\u00f3gico de la Escuela San Alfonso contempla tres ejes principales: Estudiantes solidarios, disciplinados y formados con excelencia acad\u00e9mica.<\/p>\n\n\n\n<p><\/p>\n\n\n\n<div data-wp-interactive=\"core\/file\" class=\"wp-block-file\"><object data-wp-bind--hidden=\"!state.hasPdfPreview\" hidden class=\"wp-block-file__embed\" data=\"https:\/\/educacionalhue.cl\/portal\/wp-content\/uploads\/2024\/05\/Reglamento-Interno-2021-2024.pdf\" type=\"application\/pdf\" style=\"width:100%;height:600px\" aria-label=\"Incrustado de Reglamento-Interno-2021-2024.\"><\/object><a id=\"wp-block-file--media-bf3b4f17-02a4-40d7-b70a-de3989670751\" href=\"https:\/\/educacionalhue.cl\/portal\/wp-content\/uploads\/2024\/05\/Reglamento-Interno-2021-2024.pdf\">Reglamento-Interno-2021-2024<\/a><a href=\"https:\/\/educacionalhue.cl\/portal\/wp-content\/uploads\/2024\/05\/Reglamento-Interno-2021-2024.pdf\" class=\"wp-block-file__button wp-element-button\" download aria-describedby=\"wp-block-file--media-bf3b4f17-02a4-40d7-b70a-de3989670751\">Descarga<\/a><\/div>\n","protected":false},"excerpt":{"rendered":"<p>Director:\u00a0Nelson Ponce ReyesTel\u00e9fono:\u00a0+56997839559Correo:\u00a0sanalfonso@educacionalhue.cl Rese\u00f1a&nbsp;Hist\u00f3rica La Escuela San Alfonso de Alhu\u00e9, fue fundada El 20 de Octubre de 1968, a lo <a href=\"https:\/\/educacionalhue.cl\/portal\/escuela-san-alfonso-2\/\" class=\"read-more\">Leer m\u00e1s&#8230;<\/a><\/p>\n","protected":false},"author":2,"featured_media":0,"parent":0,"menu_order":0,"comment_status":"closed","ping_status":"closed","template":"","meta":{"_joinchat":[],"footnotes":""},"class_list":["post-793","page","type-page","status-publish","hentry"],"_links":{"self":[{"href":"https:\/\/educacionalhue.cl\/portal\/wp-json\/wp\/v2\/pages\/793","targetHints":{"allow":["GET"]}}],"collection":[{"href":"https:\/\/educacionalhue.cl\/portal\/wp-json\/wp\/v2\/pages"}],"about":[{"href":"https:\/\/educacionalhue.cl\/portal\/wp-json\/wp\/v2\/types\/page"}],"author":[{"embeddable":true,"href":"https:\/\/educacionalhue.cl\/portal\/wp-json\/wp\/v2\/users\/2"}],"replies":[{"embeddable":true,"href":"https:\/\/educacionalhue.cl\/portal\/wp-json\/wp\/v2\/comments?post=793"}],"version-history":[{"count":9,"href":"https:\/\/educacionalhue.cl\/portal\/wp-json\/wp\/v2\/pages\/793\/revisions"}],"predecessor-version":[{"id":1388,"href":"https:\/\/educacionalhue.cl\/portal\/wp-json\/wp\/v2\/pages\/793\/revisions\/1388"}],"wp:attachment":[{"href":"https:\/\/educacionalhue.cl\/portal\/wp-json\/wp\/v2\/media?parent=793"}],"curies":[{"name":"wp","href":"https:\/\/api.w.org\/{rel}","templated":true}]}}