{"id":786,"date":"2022-08-04T17:46:06","date_gmt":"2022-08-04T17:46:06","guid":{"rendered":"https:\/\/educacionalhue.cl\/portal\/?page_id=786"},"modified":"2025-03-12T17:59:26","modified_gmt":"2025-03-12T17:59:26","slug":"jardin-infantil-las-uvitas-de-hacienda-alhue","status":"publish","type":"page","link":"https:\/\/educacionalhue.cl\/portal\/jardin-infantil-las-uvitas-de-hacienda-alhue\/","title":{"rendered":"Jard\u00edn Infantil Las Uvitas de Hacienda Alhu\u00e9"},"content":{"rendered":"<div class=\"wp-block-image\">\n<figure class=\"aligncenter size-full is-resized\"><img loading=\"lazy\" decoding=\"async\" width=\"1020\" height=\"1020\" src=\"https:\/\/educacionalhue.cl\/portal\/wp-content\/uploads\/2022\/08\/78997156_102251457945465_2590590068104101888_n-1.jpg\" alt=\"\" class=\"wp-image-915\" style=\"width:234px;height:234px\" srcset=\"https:\/\/educacionalhue.cl\/portal\/wp-content\/uploads\/2022\/08\/78997156_102251457945465_2590590068104101888_n-1.jpg 1020w, https:\/\/educacionalhue.cl\/portal\/wp-content\/uploads\/2022\/08\/78997156_102251457945465_2590590068104101888_n-1-300x300.jpg 300w, https:\/\/educacionalhue.cl\/portal\/wp-content\/uploads\/2022\/08\/78997156_102251457945465_2590590068104101888_n-1-150x150.jpg 150w, https:\/\/educacionalhue.cl\/portal\/wp-content\/uploads\/2022\/08\/78997156_102251457945465_2590590068104101888_n-1-768x768.jpg 768w, https:\/\/educacionalhue.cl\/portal\/wp-content\/uploads\/2022\/08\/78997156_102251457945465_2590590068104101888_n-1-400x400.jpg 400w, https:\/\/educacionalhue.cl\/portal\/wp-content\/uploads\/2022\/08\/78997156_102251457945465_2590590068104101888_n-1-500x500.jpg 500w, https:\/\/educacionalhue.cl\/portal\/wp-content\/uploads\/2022\/08\/78997156_102251457945465_2590590068104101888_n-1-270x270.jpg 270w\" sizes=\"auto, (max-width: 1020px) 100vw, 1020px\" \/><\/figure>\n<\/div>\n\n\n<p><\/p>\n\n\n\n<p><strong>MISI\u00d3N<\/strong><\/p>\n\n\n\n<p>Nuestra Misi\u00f3n como personal del jard\u00edn infantil es brindar una educaci\u00f3n inicial de calidad e integral, para fomentar el desarrollo de la conciencia ecol\u00f3gica en nuestros p\u00e1rvulos y sus familias, para formar personas integrales capaces de desenvolverse en el medio armado de valores. Siendo protagonistas de las distintas experiencias de aprendizajes que potencian el reciclaje para as\u00ed mejorar el entorno en que crecen y se desarrollan nuestros ni\u00f1os y ni\u00f1as.<\/p>\n\n\n\n<p><strong>VISI\u00d3N<\/strong><\/p>\n\n\n\n<p>Nuestra Visi\u00f3n como personal del jard\u00edn infantil Las Uvitas es que nuestros p\u00e1rvulos sean personas integrales capaces de desenvolverse en el medio, armado de valores, cuidando y respetando de su entorno natural con sue\u00f1os alcanzables pudiendo escoger sus futuros de acuerdo a sus ideales, cumpliendo metas propuestas para ser un miembro activo y responsable para nuestra comunidad y el cuidado de la naturaleza.<\/p>\n\n\n\n<p><strong>SELLOS EDUCATIVOS<\/strong><\/p>\n\n\n\n<p><strong>\u201cReciclando y Creando\u201d<\/strong><\/p>\n\n\n\n<p>Se realizaran actividades y proyectos en relaciona a este tema:<\/p>\n\n\n\n<p>Una vez al mes o dependiendo de la necesidad se recolectar\u00e1 material de desechos como tapas de bebidas, conos de confort y toalla nova, botellas de pl\u00e1sticos, entre otras. Reciclamos este material incorpor\u00e1ndolos en nuestras actividades pedag\u00f3gicas.<\/p>\n\n\n\n<p><strong>RESE\u00d1A HIST\u00d3RICA DEL ESTABLECIMIENTO<\/strong><\/p>\n\n\n\n<p>El Jard\u00edn Infantil y Sala Cuna Las Uvitas de Hacienda Alhu\u00e9,&nbsp; abre sus puertas a la comunidad en el a\u00f1o 2010 con el prop\u00f3sito de ofrecer una propuesta educativa innovadora&nbsp; para ir en ayuda y dar apoyo a las familias trabajadoras de nuestra comuna y a los residentes extranjeros. La nueva reforma nos invita a trabajar en conjunto con la familia ya que es aquella la primera instancia formadora de los ni\u00f1os y ni\u00f1as, es por ello que debe existir un trabajo conjunto entre el jard\u00edn y la familia como pilar fundamental de los ni\u00f1os y ni\u00f1as para lograr as\u00ed el desarrollo integral con aprendizajes significativos que favorezcan una educaci\u00f3n de calidad, oportuna y promoviendo el cuidado del ambiente natural en el que se encuentran insertos nuestros ni\u00f1os y ni\u00f1as.<\/p>\n\n\n\n<p>Nuestro Jard\u00edn Infantil y Sala Cuna trabaja con las bases curriculares, la cual potencia todos los \u00e1mbitos de desarrollo del ni\u00f1o y ni\u00f1a en forma integral. Tanto en lo cognitivo como en lo &nbsp;motriz y afectivo.<\/p>\n\n\n\n<p><strong>EQUIPO DIRECTIVO<\/strong><\/p>\n\n\n\n<p><\/p>\n\n\n\n<p>         Karina Ampuero Quintanilla, directora (S)<\/p>\n\n\n\n<p><strong>CONTACTO<\/strong><\/p>\n\n\n\n<p><strong>Tel\u00e9fono Institucional:<\/strong> +56936320744<br><strong>Correo electr\u00f3nico<\/strong>: jardinlasuvitas@educacionalhue.cl<\/p>\n\n\n\n<p><strong>Facebook: <\/strong><\/p>\n\n\n\n<ul class=\"wp-block-social-links is-style-pill-shape is-layout-flex wp-block-social-links-is-layout-flex\"><li class=\"wp-social-link wp-social-link-facebook  wp-block-social-link\"><a href=\"https:\/\/www.facebook.com\/Sala-Cuna-y-Jard%C3%ADn-Infantil-Las-Uvitas-102243431279601\/\" class=\"wp-block-social-link-anchor\"><svg width=\"24\" height=\"24\" viewBox=\"0 0 24 24\" version=\"1.1\" xmlns=\"http:\/\/www.w3.org\/2000\/svg\" aria-hidden=\"true\" focusable=\"false\"><path d=\"M12 2C6.5 2 2 6.5 2 12c0 5 3.7 9.1 8.4 9.9v-7H7.9V12h2.5V9.8c0-2.5 1.5-3.9 3.8-3.9 1.1 0 2.2.2 2.2.2v2.5h-1.3c-1.2 0-1.6.8-1.6 1.6V12h2.8l-.4 2.9h-2.3v7C18.3 21.1 22 17 22 12c0-5.5-4.5-10-10-10z\"><\/path><\/svg><span class=\"wp-block-social-link-label screen-reader-text\">Facebook<\/span><\/a><\/li><\/ul>\n\n\n\n<p><strong>PLANTA DOCENTE<\/strong><\/p>\n\n\n\n<p><strong>Educadora Nivel Sala Cuna Heterog\u00e9nea: <\/strong> Karina Ampuero Quintanilla.<\/p>\n\n\n\n<p><strong>Educadora Nivel Medio Heterog\u00e9neo:<\/strong>         Daniela Ruz Santiba\u00f1ez<\/p>\n\n\n\n<p><strong>T\u00e9cnicos en P\u00e1rvulos:<\/strong> <\/p>\n\n\n\n<p>&#8211; Victoria Aravena Vera<\/p>\n\n\n\n<p>&nbsp;&#8211; Carolina Rojas Retamal&nbsp;&nbsp;&nbsp;&nbsp;&nbsp;&nbsp;&nbsp;&nbsp;&nbsp;&nbsp;&nbsp;&nbsp;&nbsp;&nbsp;&nbsp;&nbsp;&nbsp;&nbsp;&nbsp;&nbsp;&nbsp;&nbsp;&nbsp;&nbsp;&nbsp;&nbsp;&nbsp;&nbsp;&nbsp;&nbsp;&nbsp;&nbsp;&nbsp;&nbsp;&nbsp;&nbsp;<\/p>\n\n\n\n<p> &#8211; Sonia Castillo Moscoso<\/p>\n\n\n\n<p>&nbsp;&#8211; Michelle Jaime L\u00f3pez<\/p>\n\n\n\n<p>&nbsp;&#8211; Paola Becerra Rivero<\/p>\n\n\n\n<p>&nbsp;&#8211; Evelyn Soto Vivanco<\/p>\n\n\n\n<p> &#8211; Romina Far\u00edas Alvarado<\/p>\n\n\n\n<p><strong>Auxiliar de Servicios Menores:&nbsp;<\/strong>&nbsp;&nbsp;&nbsp;&nbsp;&nbsp;&nbsp;&nbsp;&nbsp;&nbsp;&nbsp;<\/p>\n\n\n\n<p>Ruby Moscoso Alarc\u00f3n<\/p>\n\n\n\n<p>Isabel Hern\u00e1ndez Quintanilla<\/p>\n\n\n\n<p>                                            &nbsp;&nbsp;&nbsp;&nbsp;&nbsp;&nbsp;&nbsp;&nbsp;&nbsp;&nbsp;&nbsp;&nbsp;&nbsp;&nbsp;&nbsp;&nbsp;&nbsp;&nbsp;&nbsp;&nbsp;&nbsp;&nbsp;&nbsp;&nbsp;&nbsp;&nbsp;&nbsp;&nbsp;&nbsp;&nbsp;&nbsp;&nbsp;&nbsp;&nbsp;&nbsp;&nbsp;<\/p>\n\n\n\n<p><strong>Manipuladoras de Alimentos:&nbsp;&nbsp;<\/strong><\/p>\n\n\n\n<p>Paola Cuevas Cornejo&nbsp;&nbsp;&nbsp;&nbsp;&nbsp;&nbsp;<\/p>\n\n\n\n<p>Soledad Pinto Quintanilla&nbsp;&nbsp;&nbsp;&nbsp;<\/p>\n\n\n\n<p><\/p>\n\n\n\n<p>&nbsp;&nbsp;&nbsp;&nbsp; &nbsp;&nbsp;&nbsp;&nbsp;&nbsp;<\/p>\n\n\n\n<p><\/p>\n\n\n\n<p>&nbsp;&nbsp;&nbsp;&nbsp;&nbsp;&nbsp;&nbsp;&nbsp;&nbsp;&nbsp;&nbsp;&nbsp;&nbsp;&nbsp;&nbsp;&nbsp;&nbsp;&nbsp;&nbsp;&nbsp;&nbsp;&nbsp;&nbsp;&nbsp;&nbsp;&nbsp;&nbsp;&nbsp;&nbsp;&nbsp;&nbsp;&nbsp;&nbsp;&nbsp;&nbsp;&nbsp;&nbsp;&nbsp;&nbsp; <\/p>\n\n\n\n<div class=\"wp-block-group\"><div class=\"wp-block-group__inner-container is-layout-flow wp-block-group-is-layout-flow\">\n<div data-wp-interactive=\"core\/file\" class=\"wp-block-file\"><object data-wp-bind--hidden=\"!state.hasPdfPreview\" hidden class=\"wp-block-file__embed\" data=\"https:\/\/educacionalhue.cl\/portal\/wp-content\/uploads\/2022\/08\/Reglamento-interno-actualizado-2022-JI-Las-Uvitas.pdf\" type=\"application\/pdf\" style=\"width:100%;height:600px\" aria-label=\"Incrustado de Reglamento-interno-actualizado-2022-JI-Las-Uvitas.\"><\/object><a id=\"wp-block-file--media-cba53711-078b-41e9-840b-a052890aeb87\" href=\"https:\/\/educacionalhue.cl\/portal\/wp-content\/uploads\/2022\/08\/Reglamento-interno-actualizado-2022-JI-Las-Uvitas.pdf\">Reglamento-interno-actualizado-2022-JI-Las-Uvitas<\/a><a href=\"https:\/\/educacionalhue.cl\/portal\/wp-content\/uploads\/2022\/08\/Reglamento-interno-actualizado-2022-JI-Las-Uvitas.pdf\" class=\"wp-block-file__button wp-element-button\" download aria-describedby=\"wp-block-file--media-cba53711-078b-41e9-840b-a052890aeb87\">Descarga<\/a><\/div>\n<\/div><\/div>\n\n\n\n<p><\/p>\n\n\n\n<div data-wp-interactive=\"core\/file\" class=\"wp-block-file\"><object data-wp-bind--hidden=\"!state.hasPdfPreview\" hidden class=\"wp-block-file__embed\" data=\"https:\/\/educacionalhue.cl\/portal\/wp-content\/uploads\/2022\/08\/PROTOCOLOS-LAS-UVITAS-2022.pdf\" type=\"application\/pdf\" style=\"width:100%;height:600px\" aria-label=\"Incrustado de PROTOCOLOS-LAS-UVITAS-2022.\"><\/object><a id=\"wp-block-file--media-3201aeb3-9b77-4ff4-bc30-94ac511958c3\" href=\"https:\/\/educacionalhue.cl\/portal\/wp-content\/uploads\/2022\/08\/PROTOCOLOS-LAS-UVITAS-2022.pdf\">PROTOCOLOS-LAS-UVITAS-2022<\/a><a href=\"https:\/\/educacionalhue.cl\/portal\/wp-content\/uploads\/2022\/08\/PROTOCOLOS-LAS-UVITAS-2022.pdf\" class=\"wp-block-file__button wp-element-button\" download aria-describedby=\"wp-block-file--media-3201aeb3-9b77-4ff4-bc30-94ac511958c3\">Descarga<\/a><\/div>\n","protected":false},"excerpt":{"rendered":"<p>MISI\u00d3N Nuestra Misi\u00f3n como personal del jard\u00edn infantil es brindar una educaci\u00f3n inicial de calidad e integral, para fomentar el <a href=\"https:\/\/educacionalhue.cl\/portal\/jardin-infantil-las-uvitas-de-hacienda-alhue\/\" class=\"read-more\">Leer m\u00e1s&#8230;<\/a><\/p>\n","protected":false},"author":2,"featured_media":0,"parent":0,"menu_order":0,"comment_status":"closed","ping_status":"closed","template":"","meta":{"_joinchat":[],"footnotes":""},"class_list":["post-786","page","type-page","status-publish","hentry"],"_links":{"self":[{"href":"https:\/\/educacionalhue.cl\/portal\/wp-json\/wp\/v2\/pages\/786","targetHints":{"allow":["GET"]}}],"collection":[{"href":"https:\/\/educacionalhue.cl\/portal\/wp-json\/wp\/v2\/pages"}],"about":[{"href":"https:\/\/educacionalhue.cl\/portal\/wp-json\/wp\/v2\/types\/page"}],"author":[{"embeddable":true,"href":"https:\/\/educacionalhue.cl\/portal\/wp-json\/wp\/v2\/users\/2"}],"replies":[{"embeddable":true,"href":"https:\/\/educacionalhue.cl\/portal\/wp-json\/wp\/v2\/comments?post=786"}],"version-history":[{"count":15,"href":"https:\/\/educacionalhue.cl\/portal\/wp-json\/wp\/v2\/pages\/786\/revisions"}],"predecessor-version":[{"id":1382,"href":"https:\/\/educacionalhue.cl\/portal\/wp-json\/wp\/v2\/pages\/786\/revisions\/1382"}],"wp:attachment":[{"href":"https:\/\/educacionalhue.cl\/portal\/wp-json\/wp\/v2\/media?parent=786"}],"curies":[{"name":"wp","href":"https:\/\/api.w.org\/{rel}","templated":true}]}}