{"id":739,"date":"2022-08-04T15:18:29","date_gmt":"2022-08-04T15:18:29","guid":{"rendered":"https:\/\/educacionalhue.cl\/portal\/?page_id=739"},"modified":"2022-08-04T15:18:30","modified_gmt":"2022-08-04T15:18:30","slug":"becas-tic-de-la-junaeb","status":"publish","type":"page","link":"https:\/\/educacionalhue.cl\/portal\/becas-tic-de-la-junaeb\/","title":{"rendered":"Becas TIC de la JUNAEB"},"content":{"rendered":"\n<p><\/p>\n\n\n\n<p><\/p>\n\n\n\n<p>En el marco del programa Becas TIC de la JUNAEB (Junta Nacional de Auxilio Escolar y Becas), desde el Sal\u00f3n del Estadio Municipal se llev\u00f3 a cabo la entrega de 132 notebooks a cada uno de los estudiantes de 7\u00b0 B\u00e1sico de los establecimientos educacionales de El Asiento, Hacienda Alhu\u00e9, San Alfonso y el Liceo Sara Troncoso\ud83d\udcbb<\/p>\n\n\n\n<p>Esta iniciativa busca contribuir al logro de objetivos de aprendizajes de estudiantes en la educaci\u00f3n escolar. Este programa fusion\u00f3 las anteriores iniciativas \u201cYo elijo mi PC\u201d (de la JUNAEB) y \u201cMe conecto para aprender\u201d (del Ministerio de Educaci\u00f3n)\ud83d\udc69\ud83c\udf93\ud83d\udc68\ud83c\udf93<\/p>\n\n\n\n<p>\u2705Cabe consignar, que adem\u00e1s del computador, se entregaron softwares de aprendizajes, y un m\u00f3dem con internet gratuito por un a\u00f1o<\/p>\n","protected":false},"excerpt":{"rendered":"<p>En el marco del programa Becas TIC de la JUNAEB (Junta Nacional de Auxilio Escolar y Becas), desde el Sal\u00f3n <a href=\"https:\/\/educacionalhue.cl\/portal\/becas-tic-de-la-junaeb\/\" class=\"read-more\">Leer m\u00e1s&#8230;<\/a><\/p>\n","protected":false},"author":2,"featured_media":706,"parent":0,"menu_order":0,"comment_status":"closed","ping_status":"closed","template":"","meta":{"_joinchat":[],"footnotes":""},"class_list":["post-739","page","type-page","status-publish","has-post-thumbnail","hentry"],"_links":{"self":[{"href":"https:\/\/educacionalhue.cl\/portal\/wp-json\/wp\/v2\/pages\/739","targetHints":{"allow":["GET"]}}],"collection":[{"href":"https:\/\/educacionalhue.cl\/portal\/wp-json\/wp\/v2\/pages"}],"about":[{"href":"https:\/\/educacionalhue.cl\/portal\/wp-json\/wp\/v2\/types\/page"}],"author":[{"embeddable":true,"href":"https:\/\/educacionalhue.cl\/portal\/wp-json\/wp\/v2\/users\/2"}],"replies":[{"embeddable":true,"href":"https:\/\/educacionalhue.cl\/portal\/wp-json\/wp\/v2\/comments?post=739"}],"version-history":[{"count":1,"href":"https:\/\/educacionalhue.cl\/portal\/wp-json\/wp\/v2\/pages\/739\/revisions"}],"predecessor-version":[{"id":740,"href":"https:\/\/educacionalhue.cl\/portal\/wp-json\/wp\/v2\/pages\/739\/revisions\/740"}],"wp:featuredmedia":[{"embeddable":true,"href":"https:\/\/educacionalhue.cl\/portal\/wp-json\/wp\/v2\/media\/706"}],"wp:attachment":[{"href":"https:\/\/educacionalhue.cl\/portal\/wp-json\/wp\/v2\/media?parent=739"}],"curies":[{"name":"wp","href":"https:\/\/api.w.org\/{rel}","templated":true}]}}