{"id":61,"date":"2017-11-28T17:38:57","date_gmt":"2017-11-28T17:38:57","guid":{"rendered":"https:\/\/educacionalhue.cl\/portal\/?page_id=61"},"modified":"2025-12-30T15:21:00","modified_gmt":"2025-12-30T15:21:00","slug":"escuela-el-asiento","status":"publish","type":"page","link":"https:\/\/educacionalhue.cl\/portal\/escuela-el-asiento\/","title":{"rendered":"Escuela el Asiento"},"content":{"rendered":"<p style=\"text-align: center;\"><strong><img loading=\"lazy\" decoding=\"async\" class=\"size-full wp-image-607 alignleft\" src=\"https:\/\/educacionalhue.cl\/portal\/wp-content\/uploads\/2022\/07\/6.png\" alt=\"\" width=\"132\" height=\"154\" \/><\/strong><\/p>\n<p><strong>Director(a): Osvaldo Tobar Lizama<\/strong><br \/><strong>Tel\u00e9fono:<\/strong>\u00a0977646492<br \/><strong>Correo: <\/strong>escuelaelasiento@educacionalhue.cl<\/p>\n<p style=\"text-align: center;\"><strong>Rese\u00f1a\u00a0<\/strong><b>Hist\u00f3rica<\/b><\/p>\n<p>La escuela G-121 El Asiento de la comuna de Alhu\u00e9, es un establecimiento municipal b\u00e1sico y atiende estudiantes desde Pre-k\u00ednder a 8\u00b0 B\u00e1sico. Est\u00e1 ubicado en uno de los sectores rurales de la comuna llamado El Asiento, a 12 Km del centro de Villa Alhu\u00e9 y a 80 km de la provincia de Melipilla.<\/p>\n<p>El entorno de la escuela se caracteriza por la presencia de la empresa minera Florida Ltda, filial de Yamana Gold Ltda. Se encuentra rodeada de cerros que son explotados por la empresa minera, cuenta con alrededor de 400 habitantes. La mayor\u00eda de los jefes de hogar se dedican a la actividad minera o agr\u00edcola.<\/p>\n<p>En 1962 nace la Escuela Co-educacional N\u00ba 45, bajo la direcci\u00f3n de la Sra. Manuela M\u00e9ndez. En 1968, la escuela se relocaliza en el lugar actual, y cambia su nombre a Escuela G-116. En la actualidad es Escuela G-121 El Asiento .<\/p>\n<p>La escuela se organiza acad\u00e9micamente en cursos multigrados, lo que implica que para cada asignatura los estudiantes se agrupan de a dos niveles: NT1 con NT2; 1\u00ba y 2\u00ba b\u00e1sico, 3\u00b0 y 4\u00b0 b\u00e1sico, 5\u00b0 y 6\u00b0 b\u00e1sico, 7\u00b0 y 8\u00b0 b\u00e1sico son niveles independientes. La matr\u00edcula\u00a0 ha fluctuado en los \u00faltimos a\u00f1os con un promedio de 73 estudiantes matriculados. Este establecimiento a\u00fan no cuenta con Jornada Escolar Completa (JEC) aprobada con resoluci\u00f3n del Ministerio Educaci\u00f3n, hasta el momento solo funciona como JEC con recursos municipales.<\/p>\n<p>Adem\u00e1s, cuenta con un equipo de gesti\u00f3n conformado por el Profesor Encargado y el Encargado de UTP, quien imparte adem\u00e1s funciones de aula.<\/p>\n\n\n<div data-wp-interactive=\"core\/file\" class=\"wp-block-file\"><object data-wp-bind--hidden=\"!state.hasPdfPreview\" hidden class=\"wp-block-file__embed\" data=\"https:\/\/educacionalhue.cl\/portal\/wp-content\/uploads\/2025\/12\/ProyectoEducativo10877.pdf\" type=\"application\/pdf\" style=\"width:100%;height:600px\" aria-label=\"Incrustado de ProyectoEducativo10877.\"><\/object><a id=\"wp-block-file--media-2951414e-7226-447f-b94a-067d5c8e214e\" href=\"https:\/\/educacionalhue.cl\/portal\/wp-content\/uploads\/2025\/12\/ProyectoEducativo10877.pdf\">ProyectoEducativo10877<\/a><a href=\"https:\/\/educacionalhue.cl\/portal\/wp-content\/uploads\/2025\/12\/ProyectoEducativo10877.pdf\" class=\"wp-block-file__button wp-element-button\" download aria-describedby=\"wp-block-file--media-2951414e-7226-447f-b94a-067d5c8e214e\">Descarga<\/a><\/div>\n\n\n\n<p><\/p>\n\n\n\n<div data-wp-interactive=\"core\/file\" class=\"wp-block-file\"><object data-wp-bind--hidden=\"!state.hasPdfPreview\" hidden class=\"wp-block-file__embed\" data=\"https:\/\/educacionalhue.cl\/portal\/wp-content\/uploads\/2025\/12\/PLAN-INTEGRAL-DE-SEGURIDAD-ESCOLAR-EL-ASIENTO.pdf\" type=\"application\/pdf\" style=\"width:100%;height:600px\" aria-label=\"Incrustado de PLAN INTEGRAL DE SEGURIDAD ESCOLAR  EL ASIENTO.\"><\/object><a id=\"wp-block-file--media-e77e47bf-2df2-4796-8d4e-76dba49fc18e\" href=\"https:\/\/educacionalhue.cl\/portal\/wp-content\/uploads\/2025\/12\/PLAN-INTEGRAL-DE-SEGURIDAD-ESCOLAR-EL-ASIENTO.pdf\">PLAN INTEGRAL DE SEGURIDAD ESCOLAR  EL ASIENTO<\/a><a href=\"https:\/\/educacionalhue.cl\/portal\/wp-content\/uploads\/2025\/12\/PLAN-INTEGRAL-DE-SEGURIDAD-ESCOLAR-EL-ASIENTO.pdf\" class=\"wp-block-file__button wp-element-button\" download aria-describedby=\"wp-block-file--media-e77e47bf-2df2-4796-8d4e-76dba49fc18e\">Descarga<\/a><\/div>\n\n\n\n<p><\/p>\n\n\n\n<div data-wp-interactive=\"core\/file\" class=\"wp-block-file\"><object data-wp-bind--hidden=\"!state.hasPdfPreview\" hidden class=\"wp-block-file__embed\" data=\"https:\/\/educacionalhue.cl\/portal\/wp-content\/uploads\/2025\/12\/REGLAMENTO-INTERNO-CONVIVENCIA-ESCOLAR.pdf\" type=\"application\/pdf\" style=\"width:100%;height:600px\" aria-label=\"Incrustado de REGLAMENTO INTERNO CONVIVENCIA ESCOLAR.\"><\/object><a id=\"wp-block-file--media-913ce23d-eb89-4ceb-b712-2d730db9e989\" href=\"https:\/\/educacionalhue.cl\/portal\/wp-content\/uploads\/2025\/12\/REGLAMENTO-INTERNO-CONVIVENCIA-ESCOLAR.pdf\">REGLAMENTO INTERNO CONVIVENCIA ESCOLAR<\/a><a href=\"https:\/\/educacionalhue.cl\/portal\/wp-content\/uploads\/2025\/12\/REGLAMENTO-INTERNO-CONVIVENCIA-ESCOLAR.pdf\" class=\"wp-block-file__button wp-element-button\" download aria-describedby=\"wp-block-file--media-913ce23d-eb89-4ceb-b712-2d730db9e989\">Descarga<\/a><\/div>\n","protected":false},"excerpt":{"rendered":"<p>Director(a): Osvaldo Tobar LizamaTel\u00e9fono:\u00a0977646492Correo: escuelaelasiento@educacionalhue.cl Rese\u00f1a\u00a0Hist\u00f3rica La escuela G-121 El Asiento de la comuna de Alhu\u00e9, es un establecimiento municipal <a href=\"https:\/\/educacionalhue.cl\/portal\/escuela-el-asiento\/\" class=\"read-more\">Leer m\u00e1s&#8230;<\/a><\/p>\n","protected":false},"author":1,"featured_media":0,"parent":0,"menu_order":0,"comment_status":"closed","ping_status":"closed","template":"","meta":{"_joinchat":[],"footnotes":""},"class_list":["post-61","page","type-page","status-publish","hentry"],"_links":{"self":[{"href":"https:\/\/educacionalhue.cl\/portal\/wp-json\/wp\/v2\/pages\/61","targetHints":{"allow":["GET"]}}],"collection":[{"href":"https:\/\/educacionalhue.cl\/portal\/wp-json\/wp\/v2\/pages"}],"about":[{"href":"https:\/\/educacionalhue.cl\/portal\/wp-json\/wp\/v2\/types\/page"}],"author":[{"embeddable":true,"href":"https:\/\/educacionalhue.cl\/portal\/wp-json\/wp\/v2\/users\/1"}],"replies":[{"embeddable":true,"href":"https:\/\/educacionalhue.cl\/portal\/wp-json\/wp\/v2\/comments?post=61"}],"version-history":[{"count":8,"href":"https:\/\/educacionalhue.cl\/portal\/wp-json\/wp\/v2\/pages\/61\/revisions"}],"predecessor-version":[{"id":1435,"href":"https:\/\/educacionalhue.cl\/portal\/wp-json\/wp\/v2\/pages\/61\/revisions\/1435"}],"wp:attachment":[{"href":"https:\/\/educacionalhue.cl\/portal\/wp-json\/wp\/v2\/media?parent=61"}],"curies":[{"name":"wp","href":"https:\/\/api.w.org\/{rel}","templated":true}]}}