{"id":1098,"date":"2022-09-29T15:42:10","date_gmt":"2022-09-29T15:42:10","guid":{"rendered":"https:\/\/educacionalhue.cl\/portal\/?page_id=1098"},"modified":"2022-09-29T15:42:12","modified_gmt":"2022-09-29T15:42:12","slug":"nuestras-autoridades-se-reunieron-con-seremi-de-transportes-para-trabajar-en-diversos-proyectos","status":"publish","type":"page","link":"https:\/\/educacionalhue.cl\/portal\/nuestras-autoridades-se-reunieron-con-seremi-de-transportes-para-trabajar-en-diversos-proyectos\/","title":{"rendered":"Nuestras autoridades se reunieron con SEREMI de Transportes para trabajar en diversos proyectos"},"content":{"rendered":"\n<p>El Alcalde Roberto Torres Huerta, junto a los concejales Roberto Aravena, Leonel Acevedo y Alex Riquelme se reunieron con el SEREMI de Transportes y Telecomunicaciones, Roberto Santa Cruz, y su equipo t\u00e9cnico, con quienes abordaron diversos temas como es locomoci\u00f3n, licencias de conducir y conectividad de fibra \u00f3ptica.<\/p>\n\n\n\n<p>En el \u00e1rea de transportes, el SEREMI se comprometi\u00f3 a abordar el tema de los recorridos con las empresas de transportes que prestan servicio en la comuna, para que puedan normalizar la frecuencia de entrada y salida de Alhu\u00e9 que ten\u00edan hasta antes de la pandemia, y as\u00ed poder dar un mejor servicio a la comunidad. Para ello, se sostendr\u00e1 una reuni\u00f3n la primera semana de octubre con los operadores de transportes en la zona.<\/p>\n\n\n\n<p>En cuanto a la solicitud de poder realizar el tr\u00e1mite de licencias de conducir en la comuna, el Alcalde Torres se\u00f1al\u00f3 que el SEREMI se comprometi\u00f3 a trabajar en las diferentes alternativas que existen, para poder dar este servicio en Alhu\u00e9 y que as\u00ed los usuarios no deban viajar a otras comunas para obtener su licencia de conducir.<\/p>\n\n\n\n<p>De igual forma, las autoridades realizaron un recorrido por el Liceo Sara Troncoso, con el objetivo de ver la sala multimedia que tiene el establecimiento educacional y c\u00f3mo funciona la conectividad a fibra \u00f3ptica en este establecimiento, que permite que tanto estudiantes y profesores tengan una mayor accesibilidad a internet, para mejorar el proceso educativo.<\/p>\n\n\n\n<p>Tras el recorrido por el Liceo Sara Troncoso, el SEREMI Roberto Santa Cruz felicit\u00f3 al Alcalde, concejales y municipio en general, por la pionera iniciativa de dotar de conectividad v\u00eda fibra \u00f3ptica a toda la comuna de Alhu\u00e9, la que, adem\u00e1s, es gratuita para estudiantes, adultos mayores y personas en situaci\u00f3n de discapacidad de todo Alhu\u00e9.<\/p>\n","protected":false},"excerpt":{"rendered":"<p>El Alcalde Roberto Torres Huerta, junto a los concejales Roberto Aravena, Leonel Acevedo y Alex Riquelme se reunieron con el <a href=\"https:\/\/educacionalhue.cl\/portal\/nuestras-autoridades-se-reunieron-con-seremi-de-transportes-para-trabajar-en-diversos-proyectos\/\" class=\"read-more\">Leer m\u00e1s&#8230;<\/a><\/p>\n","protected":false},"author":2,"featured_media":1084,"parent":0,"menu_order":0,"comment_status":"closed","ping_status":"closed","template":"","meta":{"_joinchat":[],"footnotes":""},"class_list":["post-1098","page","type-page","status-publish","has-post-thumbnail","hentry"],"_links":{"self":[{"href":"https:\/\/educacionalhue.cl\/portal\/wp-json\/wp\/v2\/pages\/1098","targetHints":{"allow":["GET"]}}],"collection":[{"href":"https:\/\/educacionalhue.cl\/portal\/wp-json\/wp\/v2\/pages"}],"about":[{"href":"https:\/\/educacionalhue.cl\/portal\/wp-json\/wp\/v2\/types\/page"}],"author":[{"embeddable":true,"href":"https:\/\/educacionalhue.cl\/portal\/wp-json\/wp\/v2\/users\/2"}],"replies":[{"embeddable":true,"href":"https:\/\/educacionalhue.cl\/portal\/wp-json\/wp\/v2\/comments?post=1098"}],"version-history":[{"count":1,"href":"https:\/\/educacionalhue.cl\/portal\/wp-json\/wp\/v2\/pages\/1098\/revisions"}],"predecessor-version":[{"id":1099,"href":"https:\/\/educacionalhue.cl\/portal\/wp-json\/wp\/v2\/pages\/1098\/revisions\/1099"}],"wp:featuredmedia":[{"embeddable":true,"href":"https:\/\/educacionalhue.cl\/portal\/wp-json\/wp\/v2\/media\/1084"}],"wp:attachment":[{"href":"https:\/\/educacionalhue.cl\/portal\/wp-json\/wp\/v2\/media?parent=1098"}],"curies":[{"name":"wp","href":"https:\/\/api.w.org\/{rel}","templated":true}]}}