{"id":1043,"date":"2022-09-08T15:22:14","date_gmt":"2022-09-08T15:22:14","guid":{"rendered":"https:\/\/educacionalhue.cl\/portal\/?page_id=1043"},"modified":"2022-09-08T15:22:16","modified_gmt":"2022-09-08T15:22:16","slug":"cierre-de-la-campana-del-buen-trato-e-inclusion","status":"publish","type":"page","link":"https:\/\/educacionalhue.cl\/portal\/cierre-de-la-campana-del-buen-trato-e-inclusion\/","title":{"rendered":"Cierre de la Campa\u00f1a del \u201cBuen Trato e Inclusi\u00f3n\u201d"},"content":{"rendered":"\n<p>El 31 de agosto se llev\u00f3 a cabo desde la Escuela San Alfonso el cierre de la Campa\u00f1a del \u201cBuen Trato e Inclusi\u00f3n\u201d que se desarroll\u00f3 en cada uno de nuestros recintos educacionales, con el prop\u00f3sito de promover una cultura de integraci\u00f3n y respeto, fortaleciendo el dialogo y la comunicaci\u00f3n entre la comunidad educativa.<\/p>\n\n\n\n<p>El cierre de esta campa\u00f1a cont\u00f3 con la participaci\u00f3n de estudiantes de los 5 establecimientos educacionales de nuestra comuna, adem\u00e1s de directores, profesores y asistentes de la educaci\u00f3n de estos recintos.<\/p>\n\n\n\n<p>Durante el desarrollo de esta iniciativa se realizaron variadas actividades, como talleres educativos, intervenciones, presentaciones de Cuenta Cuentos, adem\u00e1s de un destacado Concurso de Pintura Escolar, donde participaron estudiantes de 1\u00b0 a 4\u00b0 b\u00e1sico, aparte de una competencia de Lienzos, entre alumnos de 5\u00b0 B\u00e1sico a 4\u00b0 Medio, desarrollando hoy la premiaci\u00f3n correspondiente.<\/p>\n\n\n\n<p>Cabe destacar, que esta iniciativa fue organizada por el \u00e1rea Psico-Social del Departamento de Educaci\u00f3n, contando con el apoyo de la Direcci\u00f3n de Desarrollo Comunitario (DIDECO), a trav\u00e9s de las oficinas de Infancia y de Discapacidad.<\/p>\n","protected":false},"excerpt":{"rendered":"<p>El 31 de agosto se llev\u00f3 a cabo desde la Escuela San Alfonso el cierre de la Campa\u00f1a del \u201cBuen <a href=\"https:\/\/educacionalhue.cl\/portal\/cierre-de-la-campana-del-buen-trato-e-inclusion\/\" class=\"read-more\">Leer m\u00e1s&#8230;<\/a><\/p>\n","protected":false},"author":2,"featured_media":990,"parent":0,"menu_order":0,"comment_status":"closed","ping_status":"closed","template":"","meta":{"_joinchat":[],"footnotes":""},"class_list":["post-1043","page","type-page","status-publish","has-post-thumbnail","hentry"],"_links":{"self":[{"href":"https:\/\/educacionalhue.cl\/portal\/wp-json\/wp\/v2\/pages\/1043","targetHints":{"allow":["GET"]}}],"collection":[{"href":"https:\/\/educacionalhue.cl\/portal\/wp-json\/wp\/v2\/pages"}],"about":[{"href":"https:\/\/educacionalhue.cl\/portal\/wp-json\/wp\/v2\/types\/page"}],"author":[{"embeddable":true,"href":"https:\/\/educacionalhue.cl\/portal\/wp-json\/wp\/v2\/users\/2"}],"replies":[{"embeddable":true,"href":"https:\/\/educacionalhue.cl\/portal\/wp-json\/wp\/v2\/comments?post=1043"}],"version-history":[{"count":1,"href":"https:\/\/educacionalhue.cl\/portal\/wp-json\/wp\/v2\/pages\/1043\/revisions"}],"predecessor-version":[{"id":1044,"href":"https:\/\/educacionalhue.cl\/portal\/wp-json\/wp\/v2\/pages\/1043\/revisions\/1044"}],"wp:featuredmedia":[{"embeddable":true,"href":"https:\/\/educacionalhue.cl\/portal\/wp-json\/wp\/v2\/media\/990"}],"wp:attachment":[{"href":"https:\/\/educacionalhue.cl\/portal\/wp-json\/wp\/v2\/media?parent=1043"}],"curies":[{"name":"wp","href":"https:\/\/api.w.org\/{rel}","templated":true}]}}