{"id":1034,"date":"2022-09-08T15:14:44","date_gmt":"2022-09-08T15:14:44","guid":{"rendered":"https:\/\/educacionalhue.cl\/portal\/?page_id=1034"},"modified":"2022-09-08T15:33:21","modified_gmt":"2022-09-08T15:33:21","slug":"1034-2","status":"publish","type":"page","link":"https:\/\/educacionalhue.cl\/portal\/1034-2\/","title":{"rendered":"12 Alumnos del Liceo Sara Troncoso visitan las instalaciones de Minera Florida"},"content":{"rendered":"\n<p>El programa Puertas Abiertas tiene como objetivo acercar a las comunidades vecinas haci\u00e9ndolas participes de todo el proceso productivo buscando transparentar la gesti\u00f3n de la Compa\u00f1\u00eda.<\/p>\n\n\n\n<p>Divididos en dos jornadas, el 24 y 31 de agosto, un total de 12 alumnos de 4\u00ba medio del liceo Sara Troncoso visitaron las instalaciones de la Planta de Minera Florida. La actividad se enmarc\u00f3 en el programa corporativo de Yamana Gold \u201cPuertas Abiertas\u201d que se realiza anualmente.<br>En su recorrido, los estudiantes conocieron los distintos equipos que se utilizan en las operaciones de extracci\u00f3n de los minerales; como la clasificaci\u00f3n, el chancado y la molienda. Asimismo, el grupo presenci\u00f3 la coordinaci\u00f3n radial entre las distintas \u00e1reas de la operaci\u00f3n minera, los sistemas de drenaje, ventilaci\u00f3n y las v\u00edas de evacuaci\u00f3n del yacimiento, como tambi\u00e9n las medidas de seguridad y protocolos Covid que implementa Minera Florida para sus trabajadores y trabajadoras y visitantes.<br>Los estudiantes tuvieron la oportunidad de ver en primera persona las distintas medidas de mitigaci\u00f3n que aplica Minera Florida en relaci\u00f3n al polvo y ruido y en el uso eficiente del recurso h\u00eddrico en sus procesos.<br>La visita permiti\u00f3 a los j\u00f3venes, quienes se est\u00e1n acercando al mundo laboral y definiendo sus estudios futuros, aprender de las distintas profesiones que son parte de una operaci\u00f3n minera y como en ella son claves los equipos multidisciplinarios.<\/p>\n\n\n\n<div data-wp-interactive=\"core\/file\" class=\"wp-block-file\"><object data-wp-bind--hidden=\"!state.hasPdfPreview\" hidden class=\"wp-block-file__embed\" data=\"https:\/\/educacionalhue.cl\/portal\/wp-content\/uploads\/2022\/09\/20220906_News-Visita-Li\u0301ceo-Sara-Troncoso_0-1.pdf\" type=\"application\/pdf\" style=\"width:100%;height:600px\" aria-label=\"Incrustado de Incrustado de 20220906_News-Visita-Li\u0301ceo-Sara-Troncoso_0-1..\"><\/object><a id=\"wp-block-file--media-ce8fb7b9-8b42-4a3a-88b2-2e7cbd837fb2\" href=\"https:\/\/educacionalhue.cl\/portal\/wp-content\/uploads\/2022\/09\/20220906_News-Visita-Li\u0301ceo-Sara-Troncoso_0-1.pdf\">20220906_News-Visita-Li\u0301ceo-Sara-Troncoso_0-1<\/a><a href=\"https:\/\/educacionalhue.cl\/portal\/wp-content\/uploads\/2022\/09\/20220906_News-Visita-Li\u0301ceo-Sara-Troncoso_0-1.pdf\" class=\"wp-block-file__button\" download aria-describedby=\"wp-block-file--media-ce8fb7b9-8b42-4a3a-88b2-2e7cbd837fb2\">Descarga<\/a><\/div>\n","protected":false},"excerpt":{"rendered":"<p>El programa Puertas Abiertas tiene como objetivo acercar a las comunidades vecinas haci\u00e9ndolas participes de todo el proceso productivo buscando <a href=\"https:\/\/educacionalhue.cl\/portal\/1034-2\/\" class=\"read-more\">Leer m\u00e1s&#8230;<\/a><\/p>\n","protected":false},"author":2,"featured_media":1026,"parent":0,"menu_order":0,"comment_status":"closed","ping_status":"closed","template":"","meta":{"_joinchat":[],"footnotes":""},"class_list":["post-1034","page","type-page","status-publish","has-post-thumbnail","hentry"],"_links":{"self":[{"href":"https:\/\/educacionalhue.cl\/portal\/wp-json\/wp\/v2\/pages\/1034","targetHints":{"allow":["GET"]}}],"collection":[{"href":"https:\/\/educacionalhue.cl\/portal\/wp-json\/wp\/v2\/pages"}],"about":[{"href":"https:\/\/educacionalhue.cl\/portal\/wp-json\/wp\/v2\/types\/page"}],"author":[{"embeddable":true,"href":"https:\/\/educacionalhue.cl\/portal\/wp-json\/wp\/v2\/users\/2"}],"replies":[{"embeddable":true,"href":"https:\/\/educacionalhue.cl\/portal\/wp-json\/wp\/v2\/comments?post=1034"}],"version-history":[{"count":5,"href":"https:\/\/educacionalhue.cl\/portal\/wp-json\/wp\/v2\/pages\/1034\/revisions"}],"predecessor-version":[{"id":1047,"href":"https:\/\/educacionalhue.cl\/portal\/wp-json\/wp\/v2\/pages\/1034\/revisions\/1047"}],"wp:featuredmedia":[{"embeddable":true,"href":"https:\/\/educacionalhue.cl\/portal\/wp-json\/wp\/v2\/media\/1026"}],"wp:attachment":[{"href":"https:\/\/educacionalhue.cl\/portal\/wp-json\/wp\/v2\/media?parent=1034"}],"curies":[{"name":"wp","href":"https:\/\/api.w.org\/{rel}","templated":true}]}}